{"id":29306,"date":"2023-05-29T14:32:17","date_gmt":"2023-05-29T13:32:17","guid":{"rendered":"https:\/\/sigmaburgers.com\/politica-de-privadesa\/"},"modified":"2024-12-10T14:20:37","modified_gmt":"2024-12-10T13:20:37","slug":"politica-de-privadesa","status":"publish","type":"page","link":"https:\/\/sigmaburgers.com\/ca\/politica-de-privadesa\/","title":{"rendered":"Pol\u00edtica de privadesa"},"content":{"rendered":"\t\t<div data-elementor-type=\"wp-page\" data-elementor-id=\"29306\" class=\"elementor elementor-29306 elementor-28542\">\n\t\t\t\t\t\t<section class=\"elementor-section elementor-top-section elementor-element elementor-element-acc9beb elementor-section-boxed elementor-section-height-default elementor-section-height-default sc_fly_static\" data-id=\"acc9beb\" data-element_type=\"section\" data-e-type=\"section\">\n\t\t\t\t\t\t<div class=\"elementor-container elementor-column-gap-extended\">\n\t\t\t\t\t<div class=\"elementor-column elementor-col-100 elementor-top-column elementor-element elementor-element-f205511 sc_content_align_inherit sc_layouts_column_icons_position_left sc_fly_static\" data-id=\"f205511\" data-element_type=\"column\" data-e-type=\"column\">\n\t\t\t<div class=\"elementor-widget-wrap elementor-element-populated\">\n\t\t\t\t\t\t<div class=\"elementor-element elementor-element-7b4066f sc_fly_static elementor-widget elementor-widget-text-editor\" data-id=\"7b4066f\" data-element_type=\"widget\" data-e-type=\"widget\" data-widget_type=\"text-editor.default\">\n\t\t\t\t<div class=\"elementor-widget-container\">\n\t\t\t\t\t\t\t\t\t<p>SIGMA BURGERS tracta les dades dels seus subscriptors garantint la protecci\u00f3, la privadesa i la confidencialitat a fi d&#8217;atorgar la major protecci\u00f3 possible als seus drets fonamentals com a ciutad\u00e0 de la Uni\u00f3 Europea. En aquest sentit us oferim la informaci\u00f3 necess\u00e0ria d&#8217;acord amb el que disposa l&#8217;art. 13 del Reglament (UE) 2016\/679 del Parlament Europeu i del Consell, de 27 d&#8217;abril de 2016, Relatiu a la Protecci\u00f3 de les Persones F\u00edsiques a cosa que Respecta al Tractament de Dades Personals ia la Lliure Circulaci\u00f3 d&#8217;aquestes Dades (RGPD).<\/p>\n<p><strong>1-ENTITAT RESPONSABLE  <\/strong><\/p>\n<p>Empresa: SIGMA BURGERS<\/p>\n<p>Adre\u00e7a: Passatge del Mol\u00ed 2, Local 1, 08840, Viladecans (Barcelona)<\/p>\n<p>Tel\u00e8fon: +34 662 58 63 38<\/p>\n<p>E-mail: <a href=\"mailto:contacto@sigmaburgers.com\">contacte@sigmaburgers.com<\/a><\/p>\n<p>NIF: 53313839-T<\/p>\n<p><strong>2- FINALITAT DEL TRACTAMENT  <\/strong><\/p>\n<ol>\n<li>A) <u>Informaci\u00f3 de serveis<\/u><\/li>\n<\/ol>\n<p>Les dades facilitades ens ajuden a contactar amb vost\u00e8 i informa-li de les novetats de l&#8217;empresa, aix\u00ed com els seus productes, serveis, preus i informaci\u00f3 sol\u00b7licitada a alguna consulta a trav\u00e9s del formulari.<\/p>\n<ol>\n<li>B) <u>Confirmaci\u00f3 de cites<\/u><\/li>\n<\/ol>\n<p>En fer la cessi\u00f3 de dades un cop sol\u00b7liciteu una visita, ens encarregarem d&#8217;enviar notificacions autom\u00e0tiques per confirmar l&#8217;assist\u00e8ncia, aix\u00ed com informar de les possibles modificacions d&#8217;horari.<\/p>\n<ol>\n<li>C) <u>Enviaments de comunicaci\u00f3 personalitzada<\/u><\/li>\n<\/ol>\n<p>La informaci\u00f3 de contacte ser\u00e0 utilitzada per enviar peri\u00f2dicament continguts comercials relacionats amb ofertes, descomptes o nous llan\u00e7aments que coincideixin amb les vostres prefer\u00e8ncies.<\/p>\n<ol>\n<li>D) <u>Fins de m\u00e0rqueting i publicitat<\/u><\/li>\n<\/ol>\n<p>La informaci\u00f3 registrada de vost\u00e8 ens permet fer la gesti\u00f3 d&#8217;una base de dades de clients, amb la qual podem gestionar cada compte de manera independent oferint la publicitat m\u00e9s adequada per a cada usuari.<\/p>\n<p><strong>3- DESTINATARIS DE LES DADES<\/strong><\/p>\n<p>ENRIC GIL GARCIA, en nom de SIGMA BURGERS, \u00e9s la persona autoritzada a gestionar el tractament de les dades. Aquestes dades no seran cedides en cap cas a tercers que no figurin a l&#8217;empresa. <\/p>\n<p><strong>4- PROCED\u00c8NCIA DE DADES<\/strong><\/p>\n<p>ENRIC GIL GARCIA obt\u00e9 les dades per al compliment de la finalitat del tractament del mateix interessat.<\/p>\n<p><strong>5- TERMINI DE CONSERVACI\u00d3 DE DADES<\/strong><\/p>\n<p>SIGMA BURGERS conservar\u00e0 les vostres dades als efectes de la finalitat de requeriment d&#8217;informaci\u00f3 durant el per\u00edode de 90 dies. Als efectes de fins de publicitat de serveis semblants, les dades es conservaran durant un termini m\u00e0xim legal necessari per a la defensa dels interessos legals de la companyia davant de possibles accions legals. Aix\u00f2 no obstant, les dades quedaran bloquejades \u00fanicament als efectes abans esmentats en el termini d&#8217;un any des de la seva captaci\u00f3.  <\/p>\n<p><strong>6- CONSENTIMENT<\/strong><\/p>\n<p>SIGMA BURGERS i ENRIC GIL GARCIA obtenen el consentiment del subscriptor per al tractament de les seves dades respecte de les finalitats anteriorment descrites a l&#8217;apartat 2 del document mitjan\u00e7ant la seva acceptaci\u00f3 lliure a trav\u00e9s del formulari de contacte del web.<\/p>\n<p>Vost\u00e8 podr\u00e0 consentir el tractament de les dades per a cada finalitat de forma independent, aix\u00ed com retirar-ne el consentiment en qualsevol moment per a cadascuna de les finalitats. La retirada del Consentiment per part del subscriptor dun tractament concret no afectar\u00e0 la licitud del tractament de dades realitzat amb anterioritat a aquesta decisi\u00f3. <\/p>\n<p><strong>7- EXERCICI DE DRETS<\/strong><\/p>\n<p>L&#8217;Usuari podr\u00e0 en qualsevol moment exercitar els seus drets de la manera establerta a la normativa sobre protecci\u00f3 de dades. Espec\u00edficament podr\u00e0: <\/p>\n<ol>\n<li>A) Revocar en qualsevol moment l&#8217;autoritzaci\u00f3 concedida per al tractament de les vostres dades.<\/li>\n<li>B) Exercitar els drets dacc\u00e9s, rectificaci\u00f3, oposici\u00f3, supressi\u00f3, minimitzaci\u00f3 i portabilitat, aix\u00ed com a no ser objecte de decisions automatitzades. Per exercitar els vostres drets haureu d&#8217;adre\u00e7ar-vos per escrit al responsable del Fitxer a trav\u00e9s de la seg\u00fcent adre\u00e7a de correu electr\u00f2nic: <\/li>\n<\/ol>\n<p><a href=\"mailto:CONTACTO@SIGMABURGERS.COM\">CONTACTE@SIGMABURGERS.COM<\/a><\/p>\n<p>Aix\u00ed mateix, l&#8217;interessat pot, si ho desitja i per salvaguardar els seus drets, adre\u00e7ar-se a l&#8217;Ag\u00e8ncia Espanyola de Protecci\u00f3 de Dades (AEPD), amb domicili el 28001 de Madrid, Cl Jorge Juan n\u00fam. 6.<\/p>\n<p><strong>8- TRANSFER\u00c8NCIES INTERNACIONALS  <\/strong><\/p>\n<p>No es preveu pel responsable del fitxer la transfer\u00e8ncia internacional de dades dels usuaris que formin part de la base de dades de la SIGMA BURGERS.<\/p>\n<p><strong>9-<\/strong> <strong>DRETS DE PROPIETAT INTEL\u00b7LECTUAL I INDUSTRIAL I DRETS SOBRE BASES DE DADES<\/strong> <\/p>\n<p>Tot contingut albergat al Lloc Web, com ara text, gr\u00e0fics, logotips, icones de botons, imatges, clips d&#8217;\u00e0udio, desc\u00e0rregues digitals, recopilacions de dades i programari s\u00f3n propietat de SIGMA BURGERS o els seus prove\u00efdors de contingut i est\u00e0 protegit per les lleis de Luxemburg i internacionals sobre drets de propietat intel\u00b7lectual i industrial, i drets sobre bases de dades. El conjunt de tot el contingut d&#8217;aquest Lloc Web \u00e9s propietat exclusiva de SIGMA BURGERS i est\u00e0 protegit per les lleis espanyoles i internacionals sobre drets de propietat intel\u00b7lectual i drets sobre bases de dades. Tot el programari utilitzat en aquest Lloc Web \u00e9s propietat de SIGMA BURGERS i est\u00e0 protegit per les lleis d&#8217;Espanya i internacionals sobre drets de propietat intel\u00b7lectual i industrial.  <\/p>\n<p>Queden expressament prohibides la reproducci\u00f3, la distribuci\u00f3 i la comunicaci\u00f3 p\u00fablica, inclosa la modalitat de posada a disposici\u00f3, de la totalitat o part dels continguts d&#8217;aquesta p\u00e0gina web, amb fins comercials, en qualsevol suport i per qualsevol mitj\u00e0 t\u00e8cnic, sense l&#8217;autoritzaci\u00f3 de la persona responsable. L&#8217;usuari es compromet a respectar els drets de propietat intel\u00b7lectual i industrial titularitat de la seva titularitat. <\/p>\n<p>Tots els continguts publicats al lloc web i especialment els dissenys, textos, imatges, v\u00eddeos, gr\u00e0fics, logos, icones, botons, aix\u00ed com els noms comercials, les marques o dibuixos i qualsevol altre signe susceptible d&#8217;utilitzaci\u00f3 industrial i comercial estan subjectes a drets de propietat intel\u00b7lectual i industrial de la SIGMA BURGERS. En cap cas s&#8217;entendr\u00e0 que es concedeix cap llic\u00e8ncia o s&#8217;efectua ren\u00fancia, transmissi\u00f3, cessi\u00f3 total o parcial dels drets esmentats ni es confereix cap dret ni expectativa de dret, i en especial, d&#8217;alteraci\u00f3, explotaci\u00f3, reproducci\u00f3, distribuci\u00f3 o comunicaci\u00f3 p\u00fablica sobre aquests continguts sense la pr\u00e8via autoritzaci\u00f3 expressa de SIGMA BURGERS. <\/p>\n<\/p>\n<p><strong>A data de 12\/11\/2024<\/strong><\/p>\n\t\t\t\t\t\t\t\t<\/div>\n\t\t\t\t<\/div>\n\t\t\t\t\t<\/div>\n\t\t<\/div>\n\t\t\t\t\t<\/div>\n\t\t<\/section>\n\t\t\t\t<\/div>\n\t\t","protected":false},"excerpt":{"rendered":"<p>SIGMA BURGERS tracta les dades dels seus subscriptors garantint la protecci\u00f3, la privadesa i la confidencialitat a fi d&#8217;atorgar la major protecci\u00f3 possible als seus drets fonamentals com a ciutad\u00e0&hellip;<\/p>\n","protected":false},"author":1,"featured_media":0,"parent":0,"menu_order":0,"comment_status":"closed","ping_status":"closed","template":"","meta":{"footnotes":""},"class_list":["post-29306","page","type-page","status-publish","hentry"],"yoast_head":"<!-- This site is optimized with the Yoast SEO plugin v27.3 - https:\/\/yoast.com\/product\/yoast-seo-wordpress\/ -->\n<title>Pol\u00edtica de privadesa - Sigma Burgers<\/title>\n<meta name=\"robots\" content=\"noindex, follow\" \/>\n<meta property=\"og:locale\" content=\"ca_ES\" \/>\n<meta property=\"og:type\" content=\"article\" \/>\n<meta property=\"og:title\" content=\"Pol\u00edtica de privadesa - Sigma Burgers\" \/>\n<meta property=\"og:description\" content=\"SIGMA BURGERS tracta les dades dels seus subscriptors garantint la protecci\u00f3, la privadesa i la confidencialitat a fi d&#8217;atorgar la major protecci\u00f3 possible als seus drets fonamentals com a ciutad\u00e0&hellip;\" \/>\n<meta property=\"og:url\" content=\"https:\/\/sigmaburgers.com\/ca\/politica-de-privadesa\/\" \/>\n<meta property=\"og:site_name\" content=\"Sigma Burgers\" \/>\n<meta property=\"article:modified_time\" content=\"2024-12-10T13:20:37+00:00\" \/>\n<meta name=\"twitter:card\" content=\"summary_large_image\" \/>\n<meta name=\"twitter:label1\" content=\"Temps estimat de lectura\" \/>\n\t<meta name=\"twitter:data1\" content=\"5 minuts\" \/>\n<script type=\"application\/ld+json\" class=\"yoast-schema-graph\">{\"@context\":\"https:\\\/\\\/schema.org\",\"@graph\":[{\"@type\":\"WebPage\",\"@id\":\"https:\\\/\\\/sigmaburgers.com\\\/ca\\\/politica-de-privadesa\\\/\",\"url\":\"https:\\\/\\\/sigmaburgers.com\\\/ca\\\/politica-de-privadesa\\\/\",\"name\":\"Pol\u00edtica de privadesa - Sigma Burgers\",\"isPartOf\":{\"@id\":\"https:\\\/\\\/sigmaburgers.com\\\/ca\\\/#website\"},\"datePublished\":\"2023-05-29T13:32:17+00:00\",\"dateModified\":\"2024-12-10T13:20:37+00:00\",\"breadcrumb\":{\"@id\":\"https:\\\/\\\/sigmaburgers.com\\\/ca\\\/politica-de-privadesa\\\/#breadcrumb\"},\"inLanguage\":\"ca\",\"potentialAction\":[{\"@type\":\"ReadAction\",\"target\":[\"https:\\\/\\\/sigmaburgers.com\\\/ca\\\/politica-de-privadesa\\\/\"]}]},{\"@type\":\"BreadcrumbList\",\"@id\":\"https:\\\/\\\/sigmaburgers.com\\\/ca\\\/politica-de-privadesa\\\/#breadcrumb\",\"itemListElement\":[{\"@type\":\"ListItem\",\"position\":1,\"name\":\"Portada\",\"item\":\"https:\\\/\\\/sigmaburgers.com\\\/ca\\\/home\\\/\"},{\"@type\":\"ListItem\",\"position\":2,\"name\":\"Pol\u00edtica de privadesa\"}]},{\"@type\":\"WebSite\",\"@id\":\"https:\\\/\\\/sigmaburgers.com\\\/ca\\\/#website\",\"url\":\"https:\\\/\\\/sigmaburgers.com\\\/ca\\\/\",\"name\":\"sigmaburgers.com\",\"description\":\"Hamburgueser\u00eda en Viladecans\",\"publisher\":{\"@id\":\"https:\\\/\\\/sigmaburgers.com\\\/ca\\\/#organization\"},\"potentialAction\":[{\"@type\":\"SearchAction\",\"target\":{\"@type\":\"EntryPoint\",\"urlTemplate\":\"https:\\\/\\\/sigmaburgers.com\\\/ca\\\/?s={search_term_string}\"},\"query-input\":{\"@type\":\"PropertyValueSpecification\",\"valueRequired\":true,\"valueName\":\"search_term_string\"}}],\"inLanguage\":\"ca\"},{\"@type\":\"Organization\",\"@id\":\"https:\\\/\\\/sigmaburgers.com\\\/ca\\\/#organization\",\"name\":\"Sigma Burgers\",\"url\":\"https:\\\/\\\/sigmaburgers.com\\\/ca\\\/\",\"logo\":{\"@type\":\"ImageObject\",\"inLanguage\":\"ca\",\"@id\":\"https:\\\/\\\/sigmaburgers.com\\\/ca\\\/#\\\/schema\\\/logo\\\/image\\\/\",\"url\":\"https:\\\/\\\/sigmaburgers.com\\\/wp-content\\\/uploads\\\/2024\\\/11\\\/cropped-Slogan-Principal-CMYK-Smash-Red-1.png\",\"contentUrl\":\"https:\\\/\\\/sigmaburgers.com\\\/wp-content\\\/uploads\\\/2024\\\/11\\\/cropped-Slogan-Principal-CMYK-Smash-Red-1.png\",\"width\":652,\"height\":558,\"caption\":\"Sigma Burgers\"},\"image\":{\"@id\":\"https:\\\/\\\/sigmaburgers.com\\\/ca\\\/#\\\/schema\\\/logo\\\/image\\\/\"},\"sameAs\":[\"https:\\\/\\\/www.instagram.com\\\/sigma_burgers\\\/\"]}]}<\/script>\n<!-- \/ Yoast SEO plugin. -->","yoast_head_json":{"title":"Pol\u00edtica de privadesa - Sigma Burgers","robots":{"index":"noindex","follow":"follow"},"og_locale":"ca_ES","og_type":"article","og_title":"Pol\u00edtica de privadesa - Sigma Burgers","og_description":"SIGMA BURGERS tracta les dades dels seus subscriptors garantint la protecci\u00f3, la privadesa i la confidencialitat a fi d&#8217;atorgar la major protecci\u00f3 possible als seus drets fonamentals com a ciutad\u00e0&hellip;","og_url":"https:\/\/sigmaburgers.com\/ca\/politica-de-privadesa\/","og_site_name":"Sigma Burgers","article_modified_time":"2024-12-10T13:20:37+00:00","twitter_card":"summary_large_image","twitter_misc":{"Temps estimat de lectura":"5 minuts"},"schema":{"@context":"https:\/\/schema.org","@graph":[{"@type":"WebPage","@id":"https:\/\/sigmaburgers.com\/ca\/politica-de-privadesa\/","url":"https:\/\/sigmaburgers.com\/ca\/politica-de-privadesa\/","name":"Pol\u00edtica de privadesa - Sigma Burgers","isPartOf":{"@id":"https:\/\/sigmaburgers.com\/ca\/#website"},"datePublished":"2023-05-29T13:32:17+00:00","dateModified":"2024-12-10T13:20:37+00:00","breadcrumb":{"@id":"https:\/\/sigmaburgers.com\/ca\/politica-de-privadesa\/#breadcrumb"},"inLanguage":"ca","potentialAction":[{"@type":"ReadAction","target":["https:\/\/sigmaburgers.com\/ca\/politica-de-privadesa\/"]}]},{"@type":"BreadcrumbList","@id":"https:\/\/sigmaburgers.com\/ca\/politica-de-privadesa\/#breadcrumb","itemListElement":[{"@type":"ListItem","position":1,"name":"Portada","item":"https:\/\/sigmaburgers.com\/ca\/home\/"},{"@type":"ListItem","position":2,"name":"Pol\u00edtica de privadesa"}]},{"@type":"WebSite","@id":"https:\/\/sigmaburgers.com\/ca\/#website","url":"https:\/\/sigmaburgers.com\/ca\/","name":"sigmaburgers.com","description":"Hamburgueser\u00eda en Viladecans","publisher":{"@id":"https:\/\/sigmaburgers.com\/ca\/#organization"},"potentialAction":[{"@type":"SearchAction","target":{"@type":"EntryPoint","urlTemplate":"https:\/\/sigmaburgers.com\/ca\/?s={search_term_string}"},"query-input":{"@type":"PropertyValueSpecification","valueRequired":true,"valueName":"search_term_string"}}],"inLanguage":"ca"},{"@type":"Organization","@id":"https:\/\/sigmaburgers.com\/ca\/#organization","name":"Sigma Burgers","url":"https:\/\/sigmaburgers.com\/ca\/","logo":{"@type":"ImageObject","inLanguage":"ca","@id":"https:\/\/sigmaburgers.com\/ca\/#\/schema\/logo\/image\/","url":"https:\/\/sigmaburgers.com\/wp-content\/uploads\/2024\/11\/cropped-Slogan-Principal-CMYK-Smash-Red-1.png","contentUrl":"https:\/\/sigmaburgers.com\/wp-content\/uploads\/2024\/11\/cropped-Slogan-Principal-CMYK-Smash-Red-1.png","width":652,"height":558,"caption":"Sigma Burgers"},"image":{"@id":"https:\/\/sigmaburgers.com\/ca\/#\/schema\/logo\/image\/"},"sameAs":["https:\/\/www.instagram.com\/sigma_burgers\/"]}]}},"_links":{"self":[{"href":"https:\/\/sigmaburgers.com\/ca\/wp-json\/wp\/v2\/pages\/29306","targetHints":{"allow":["GET"]}}],"collection":[{"href":"https:\/\/sigmaburgers.com\/ca\/wp-json\/wp\/v2\/pages"}],"about":[{"href":"https:\/\/sigmaburgers.com\/ca\/wp-json\/wp\/v2\/types\/page"}],"author":[{"embeddable":true,"href":"https:\/\/sigmaburgers.com\/ca\/wp-json\/wp\/v2\/users\/1"}],"replies":[{"embeddable":true,"href":"https:\/\/sigmaburgers.com\/ca\/wp-json\/wp\/v2\/comments?post=29306"}],"version-history":[{"count":2,"href":"https:\/\/sigmaburgers.com\/ca\/wp-json\/wp\/v2\/pages\/29306\/revisions"}],"predecessor-version":[{"id":29308,"href":"https:\/\/sigmaburgers.com\/ca\/wp-json\/wp\/v2\/pages\/29306\/revisions\/29308"}],"wp:attachment":[{"href":"https:\/\/sigmaburgers.com\/ca\/wp-json\/wp\/v2\/media?parent=29306"}],"curies":[{"name":"wp","href":"https:\/\/api.w.org\/{rel}","templated":true}]}}